{"id":1285,"date":"2024-01-15T11:38:29","date_gmt":"2024-01-15T10:38:29","guid":{"rendered":"https:\/\/paris-hotel-clichy.com\/?page_id=1285"},"modified":"2024-04-04T13:52:31","modified_gmt":"2024-04-04T11:52:31","slug":"reglement-interieur","status":"publish","type":"page","link":"https:\/\/paris-hotel-clichy.com\/index.php\/reglement-interieur\/","title":{"rendered":"R\u00e8glement int\u00e9rieur"},"content":{"rendered":"\t\t<div data-elementor-type=\"wp-page\" data-elementor-id=\"1285\" class=\"elementor elementor-1285\">\n\t\t\t\t\t\t\t<div class=\"elementor-element elementor-element-ed5d81a e-flex e-con-boxed e-con e-parent\" data-id=\"ed5d81a\" data-element_type=\"container\" data-settings=\"{&quot;content_width&quot;:&quot;boxed&quot;}\" data-core-v316-plus=\"true\">\n\t\t\t\t\t<div class=\"e-con-inner\">\n\t\t\t\t\t<\/div>\n\t\t\t\t<\/div>\n\t\t\t\t<section class=\"elementor-section elementor-top-section elementor-element elementor-element-353c325 elementor-section-boxed elementor-section-height-default elementor-section-height-default\" data-id=\"353c325\" data-element_type=\"section\" data-settings=\"{&quot;background_background&quot;:&quot;classic&quot;}\">\n\t\t\t\t\t\t<div class=\"elementor-container elementor-column-gap-default\">\n\t\t\t\t\t<div class=\"elementor-column elementor-col-100 elementor-top-column elementor-element elementor-element-ed0d7b2\" data-id=\"ed0d7b2\" data-element_type=\"column\">\n\t\t\t<div class=\"elementor-widget-wrap elementor-element-populated\">\n\t\t\t\t\t\t\t\t<div class=\"elementor-element elementor-element-bc0ff2c elementor-widget-divider--view-line elementor-invisible elementor-widget elementor-widget-divider\" data-id=\"bc0ff2c\" data-element_type=\"widget\" data-settings=\"{&quot;_animation&quot;:&quot;fadeInRight&quot;,&quot;_animation_delay&quot;:200}\" data-widget_type=\"divider.default\">\n\t\t\t\t<div class=\"elementor-widget-container\">\n\t\t\t<style>\/*! elementor - v3.18.0 - 20-12-2023 *\/\n.elementor-widget-divider{--divider-border-style:none;--divider-border-width:1px;--divider-color:#0c0d0e;--divider-icon-size:20px;--divider-element-spacing:10px;--divider-pattern-height:24px;--divider-pattern-size:20px;--divider-pattern-url:none;--divider-pattern-repeat:repeat-x}.elementor-widget-divider .elementor-divider{display:flex}.elementor-widget-divider .elementor-divider__text{font-size:15px;line-height:1;max-width:95%}.elementor-widget-divider .elementor-divider__element{margin:0 var(--divider-element-spacing);flex-shrink:0}.elementor-widget-divider .elementor-icon{font-size:var(--divider-icon-size)}.elementor-widget-divider .elementor-divider-separator{display:flex;margin:0;direction:ltr}.elementor-widget-divider--view-line_icon .elementor-divider-separator,.elementor-widget-divider--view-line_text .elementor-divider-separator{align-items:center}.elementor-widget-divider--view-line_icon .elementor-divider-separator:after,.elementor-widget-divider--view-line_icon .elementor-divider-separator:before,.elementor-widget-divider--view-line_text .elementor-divider-separator:after,.elementor-widget-divider--view-line_text .elementor-divider-separator:before{display:block;content:\"\";border-bottom:0;flex-grow:1;border-top:var(--divider-border-width) var(--divider-border-style) var(--divider-color)}.elementor-widget-divider--element-align-left .elementor-divider .elementor-divider-separator>.elementor-divider__svg:first-of-type{flex-grow:0;flex-shrink:100}.elementor-widget-divider--element-align-left .elementor-divider-separator:before{content:none}.elementor-widget-divider--element-align-left .elementor-divider__element{margin-left:0}.elementor-widget-divider--element-align-right .elementor-divider .elementor-divider-separator>.elementor-divider__svg:last-of-type{flex-grow:0;flex-shrink:100}.elementor-widget-divider--element-align-right .elementor-divider-separator:after{content:none}.elementor-widget-divider--element-align-right .elementor-divider__element{margin-right:0}.elementor-widget-divider:not(.elementor-widget-divider--view-line_text):not(.elementor-widget-divider--view-line_icon) .elementor-divider-separator{border-top:var(--divider-border-width) var(--divider-border-style) var(--divider-color)}.elementor-widget-divider--separator-type-pattern{--divider-border-style:none}.elementor-widget-divider--separator-type-pattern.elementor-widget-divider--view-line .elementor-divider-separator,.elementor-widget-divider--separator-type-pattern:not(.elementor-widget-divider--view-line) .elementor-divider-separator:after,.elementor-widget-divider--separator-type-pattern:not(.elementor-widget-divider--view-line) .elementor-divider-separator:before,.elementor-widget-divider--separator-type-pattern:not([class*=elementor-widget-divider--view]) .elementor-divider-separator{width:100%;min-height:var(--divider-pattern-height);-webkit-mask-size:var(--divider-pattern-size) 100%;mask-size:var(--divider-pattern-size) 100%;-webkit-mask-repeat:var(--divider-pattern-repeat);mask-repeat:var(--divider-pattern-repeat);background-color:var(--divider-color);-webkit-mask-image:var(--divider-pattern-url);mask-image:var(--divider-pattern-url)}.elementor-widget-divider--no-spacing{--divider-pattern-size:auto}.elementor-widget-divider--bg-round{--divider-pattern-repeat:round}.rtl .elementor-widget-divider .elementor-divider__text{direction:rtl}.e-con-inner>.elementor-widget-divider,.e-con>.elementor-widget-divider{width:var(--container-widget-width,100%);--flex-grow:var(--container-widget-flex-grow)}<\/style>\t\t<div class=\"elementor-divider\">\n\t\t\t<span class=\"elementor-divider-separator\">\n\t\t\t\t\t\t<\/span>\n\t\t<\/div>\n\t\t\t\t<\/div>\n\t\t\t\t<\/div>\n\t\t\t\t<div class=\"elementor-element elementor-element-b2c57bc elementor-invisible elementor-widget elementor-widget-heading\" data-id=\"b2c57bc\" data-element_type=\"widget\" data-settings=\"{&quot;_animation&quot;:&quot;fadeInUp&quot;}\" data-widget_type=\"heading.default\">\n\t\t\t\t<div class=\"elementor-widget-container\">\n\t\t\t<style>\/*! elementor - v3.18.0 - 20-12-2023 *\/\n.elementor-heading-title{padding:0;margin:0;line-height:1}.elementor-widget-heading .elementor-heading-title[class*=elementor-size-]>a{color:inherit;font-size:inherit;line-height:inherit}.elementor-widget-heading .elementor-heading-title.elementor-size-small{font-size:15px}.elementor-widget-heading .elementor-heading-title.elementor-size-medium{font-size:19px}.elementor-widget-heading .elementor-heading-title.elementor-size-large{font-size:29px}.elementor-widget-heading .elementor-heading-title.elementor-size-xl{font-size:39px}.elementor-widget-heading .elementor-heading-title.elementor-size-xxl{font-size:59px}<\/style><h2 class=\"elementor-heading-title elementor-size-default\">R\u00e9glement int\u00e9rieur<\/h2>\t\t<\/div>\n\t\t\t\t<\/div>\n\t\t\t\t\t<\/div>\n\t\t<\/div>\n\t\t\t\t\t\t\t<\/div>\n\t\t<\/section>\n\t\t<div class=\"elementor-element elementor-element-887b9f2 e-flex e-con-boxed e-con e-parent\" data-id=\"887b9f2\" data-element_type=\"container\" data-settings=\"{&quot;content_width&quot;:&quot;boxed&quot;}\" data-core-v316-plus=\"true\">\n\t\t\t\t\t<div class=\"e-con-inner\">\n\t\t\t\t<div class=\"elementor-element elementor-element-c1e6d87 elementor-widget elementor-widget-text-editor\" data-id=\"c1e6d87\" data-element_type=\"widget\" data-widget_type=\"text-editor.default\">\n\t\t\t\t<div class=\"elementor-widget-container\">\n\t\t\t<style>\/*! elementor - v3.18.0 - 20-12-2023 *\/\n.elementor-widget-text-editor.elementor-drop-cap-view-stacked .elementor-drop-cap{background-color:#69727d;color:#fff}.elementor-widget-text-editor.elementor-drop-cap-view-framed .elementor-drop-cap{color:#69727d;border:3px solid;background-color:transparent}.elementor-widget-text-editor:not(.elementor-drop-cap-view-default) .elementor-drop-cap{margin-top:8px}.elementor-widget-text-editor:not(.elementor-drop-cap-view-default) .elementor-drop-cap-letter{width:1em;height:1em}.elementor-widget-text-editor .elementor-drop-cap{float:left;text-align:center;line-height:1;font-size:50px}.elementor-widget-text-editor .elementor-drop-cap-letter{display:inline-block}<\/style>\t\t\t\t<p><span style=\"font-size: 1rem; text-align: var(--text-align);\">Chers clients,<\/span><\/p>\n<p>Afin que le s\u00e9jour de chacun se passe dans les meilleures conditions, nous vous prions de trouver ci-apr\u00e8s notre r\u00e8glement int\u00e9rieur.<\/p>\n<p><span style=\"color: #990000;\"><strong>GENERALITES&nbsp;:<\/strong><\/span><\/p>\n<p><strong>Le r\u00e8glement int\u00e9rieur de l\u2019h\u00f4tel s\u2019applique \u00e0 l\u2019ensemble des r\u00e9servations. Tout s\u00e9jour entra\u00eene l\u2019acceptation des conditions particuli\u00e8res et du r\u00e8glement int\u00e9rieur de l\u2019h\u00f4tel. <\/strong><\/p>\n<p><strong>Le client accepte et s\u2019engage \u00e0 respecter ledit r\u00e8glement dont les dispositions s\u2019appliquent tant \u00e0 lui-m\u00eame qu\u2019\u00e0 toutes les personnes l\u2019accompagnant dans son s\u00e9jour.<\/strong><\/p>\n<p><strong>En cas de non-respect des dispositions du pr\u00e9sent r\u00e8glement, l\u2019h\u00f4telier se trouvera dans l\u2019obligation d\u2019inviter le client \u00e0 quitter l\u2019\u00e9tablissement imm\u00e9diatement et ce, sans aucune indemnit\u00e9, ni restitution de caution. Il pourra aussi lui refuser toute r\u00e9servation future.<\/strong><\/p>\n<p><span style=\"color: #990000;\"><strong>ACCUEIL :<\/strong><\/span><\/p>\n<p><strong>L\u2019h\u00f4telier \u00e0 la libert\u00e9 de ne pas recevoir<\/strong> les clients dont la tenue est ind\u00e9cente et\/ou n\u00e9glig\u00e9e, dont la tenue est destin\u00e9e \u00e0 dissimuler le visage (Loi N\u00b02010-1192 du 11 octobre 2010), ayant un comportement bruyant ou incorrect et\/ou alcoolis\u00e9 ainsi que les clients dont le comportement est contraire aux bonnes m\u0153urs et \u00e0 l&rsquo;ordre public.<\/p>\n<p>Le client est courtois et respectueux vis-\u00e0-vis du personnel de l\u2019h\u00f4tel. A d\u00e9faut, l\u2019h\u00f4tel se r\u00e9serve le droit de d\u00e9poser plainte.<\/p>\n<p>Le client s\u2019abstient de toute violence verbale ou physique, de tout comportement ou propos \u00e0 caract\u00e8re sexuel, raciste, antis\u00e9mite, homophobe, ainsi que de toute forme de harc\u00e8lement.<\/p>\n<p>Afin de v\u00e9rifier l\u2019identit\u00e9 de toute personne s\u00e9journant dans l\u2019h\u00f4tel, une pi\u00e8ce d\u2019identit\u00e9 valide sera exig\u00e9e au check-in&nbsp;; de m\u00eame qu\u2019une fiche d\u2019information \u00e0 compl\u00e9ter obligatoirement \u00e0 la r\u00e9ception.<\/p>\n<p>L\u2019\u00e9tablissement n\u2019accepte pas les mineurs non accompagn\u00e9s par leur repr\u00e9sentant l\u00e9gal.<\/p>\n<p><strong><span style=\"color: #990000;\">LA RECEPTION :<\/span> <\/strong><\/p>\n<p>La r\u00e9ception est ouverte 24\/24 et 7\/7.<\/p>\n<p><strong><span style=\"color: #990000;\">PAIEMENT :<\/span> <\/strong><\/p>\n<p>Nous acceptons les moyens de paiement suivants : carte bancaire (Visa, Mastercard, American Express), les ANCV, les esp\u00e8ces. Lors de la demande de s\u00e9jour&nbsp;:<\/p>\n<ul>\n<li><strong>Pour les r\u00e9servations individuelles, <\/strong>celles-ci ne sont consid\u00e9r\u00e9es comme fermes qu\u2019apr\u00e8s avoir fourni une emprunte bancaire.<\/li>\n<li><strong>Pour les r\u00e9servations de groupe (plus de 6 chambres),<\/strong> un versement d\u2019un acompte de 50% doit \u00eatre fait au moins deux mois avant le d\u00e9but du s\u00e9jour, et le solde doit \u00eatre r\u00e9gl\u00e9 au plus tard un mois avant le d\u00e9but du s\u00e9jour.<\/li>\n<\/ul>\n<p><br><\/p><p>Les suppl\u00e9ments ne sont pas automatiquement calcul\u00e9s dans le montant total de la r\u00e9servation et doivent \u00eatre r\u00e9gl\u00e9s s\u00e9par\u00e9ment et directement aupr\u00e8s de l\u2019h\u00f4tel.<\/p>\n<p>La taxe de s\u00e9jour est non incluse dans le prix de la r\u00e9servation et est payable sur place. Elle est due par personne majeure et par nuit\u00e9e, au tarif en vigueur au moment du s\u00e9jour<\/p>\n<p>Une caution \u00e9gale au montant de la r\u00e9servation de la premi\u00e8re nuit\u00e9e (d\u00e9pos\u00e9e par carte bancaire ou esp\u00e8ce) par s\u00e9jour est demand\u00e9e \u00e0 l\u2019arriv\u00e9e du client. Celle-ci est automatiquement conserv\u00e9e en cas de non-respect du r\u00e8glement int\u00e9rieur de l\u2019h\u00f4tel.<\/p>\n<p>L\u2019h\u00f4tel se r\u00e9serve le droit de pr\u00e9lever le montant des consommations non d\u00e9clar\u00e9es au d\u00e9part.<\/p>\n<p><strong><span style=\"color: #990000;\">ANNULATION :<\/span> <\/strong><\/p>\n<ul>\n<li><strong>Pour les r\u00e9servations individuelles,<\/strong> toute annulation doit nous parvenir 48h avant la date d\u2019arriv\u00e9e pour les s\u00e9jours individuels (hors conditions particuli\u00e8res mises en place par nos partenaires). Pass\u00e9 ce d\u00e9lai, la r\u00e9servation de la premi\u00e8re nuit est due.<\/li>\n<li><strong>Pour les r\u00e9servations de groupe<\/strong>, les acomptes et soldes restent acquis \u00e0 l\u2019h\u00f4tel et ne sont plus remboursables une fois pass\u00e9e leur date limite de versement.<\/li>\n<\/ul>\n<p><strong><br><\/strong><\/p><p><strong>Le droit de r\u00e9tractation de 14 jours r\u00e9gi par le code de la consommation, ne s\u2019applique pas dans le cadre des prestations d\u2019h\u00e9bergement h\u00f4telier (Article L.221-28 du code de la consommation).<\/strong><\/p>\n<p><strong><span style=\"color: #990000;\">RESERVATION NON REMBOURSABLE :<\/span> <\/strong><\/p>\n<p>La non-pr\u00e9sentation est consid\u00e9r\u00e9e comme prise effective de la chambre pour la premi\u00e8re nuit.<\/p>\n<p>Les retards \u00e0 l\u2019arriv\u00e9e ou les d\u00e9parts anticip\u00e9s ne peuvent en aucun cas donner lieu \u00e0 un remboursement&nbsp;; le s\u00e9jour \u00e9tant alors d\u00fb dans sa totalit\u00e9.<\/p>\n<p>Aussi, le client est inform\u00e9 que l\u2019h\u00f4telier a la possibilit\u00e9 de relouer la chambre sans d\u00e9lai dans les conditions suivantes :<\/p>\n<ul>\n<li>Annulation par le client ;<\/li>\n<li>Modification de la r\u00e9servation par le client ;<\/li>\n<li>Non-pr\u00e9sentation du client ;<\/li>\n<li>Erreur par le client lors de la prise de r\u00e9servation (dates, quantit\u00e9 de chambres, type de chambre).<\/li>\n<\/ul>\n<p><span style=\"color: #990000;\"><strong><br><\/strong><\/span><\/p><p><span style=\"color: #990000;\"><strong>ARRIVEE, ACCES AUX CHAMBRES ET DEPART :<\/strong><\/span><\/p>\n<p>L\u2019acc\u00e8s aux chambres se fait \u00e0 partir de 14h00. Elles doivent \u00eatre lib\u00e9r\u00e9es avant 12h00.<\/p>\n<p>Attention, en cas de d\u00e9part tardif, chaque heure suppl\u00e9mentaire est factur\u00e9e 20\u20ac.<\/p>\n<p>Toute demande de d\u00e9part tardif doit \u00eatre effectu\u00e9e aupr\u00e8s de la r\u00e9ception avant la veille du d\u00e9part.<\/p>\n<p>Si vous d\u00e9sirez conserver la chambre une nuit suppl\u00e9mentaire, le paiement de la chambre devra \u00eatre effectu\u00e9 avant 11h00, sous r\u00e9serve de disponibilit\u00e9.<\/p>\n<p>Votre chambre est pr\u00e9vue pour un nombre de personnes d\u00e9termin\u00e9 : pour assurer les r\u00e8gles de s\u00e9curit\u00e9 de l\u2019h\u00f4tel, vous ne devez en aucun cas h\u00e9berger des personnes suppl\u00e9mentaires. Les b\u00e9b\u00e9s et nourrissons comptent pour une personne.<\/p>\n<p>Le client ne peut introduire dans la chambre des tierces personnes non connues par l\u2019h\u00f4telier sans autorisation de ce dernier.&nbsp;<\/p>\n<p>Pendant votre s\u00e9jour, une cl\u00e9 vous sera remise vous permettant le libre acc\u00e8s \u00e0 votre chambre. Elle ne peut \u00eatre confi\u00e9e \u00e0 une tierce personne et doit \u00eatre restitu\u00e9e le jour du d\u00e9part. En cas de perte ou de non-restitution, la r\u00e9fection vous sera factur\u00e9e au tarif en vigueur<strong>.<\/strong><\/p>\n<p>Un m\u00e9nage quotidien des chambres est effectu\u00e9 par le personnel de l\u2019h\u00f4tel, sauf demande contraire expresse du client.<\/p>\n<p>Les chambres mises \u00e0 la disposition de nos clients sont v\u00e9rifi\u00e9es, fonctionnelles et en bon \u00e9tat. Nos clients sont invit\u00e9s \u00e0 signaler imm\u00e9diatement \u00e0 la r\u00e9ception de l\u2019h\u00f4tel tout manquement \/ d\u00e9sordre constat\u00e9.<\/p>\n<p><strong><span style=\"color: #990000;\">ENFANTS ET LITS D\u2019APPOINT :<\/span> <\/strong><\/p>\n<p>Les enfants sont sous l\u2019enti\u00e8re responsabilit\u00e9 de leurs parents\/tuteurs dans l\u2019ensemble de l\u2019\u00e9tablissement. Il est interdit de les laisser sans surveillance dans la chambre.<\/p>\n<p>A la demande du client, l\u2019h\u00f4tel peut fournir un lit b\u00e9b\u00e9, sous r\u00e9serve de disponibilit\u00e9. Le nombre maximum de lit b\u00e9b\u00e9 en chambre est de 1.<\/p>\n<p><strong><span style=\"color: #990000;\">ANIMAUX :<\/span> <\/strong><\/p>\n<p>Les animaux sont accept\u00e9s au tarif en vigueur (consultable \u00e0 la r\u00e9ception ou sur notre site internet). Ils ne doivent pas d\u00e9passer le poids de 10 kg, doivent \u00eatre tenus en laisse dans toutes les parties communes de notre \u00e9tablissement. Pour des raisons d&rsquo;hygi\u00e8ne, les animaux ne sont pas admis dans la salle des petits d\u00e9jeuners (sauf chiens guide d\u2019aveugles ou d\u2019assistance) et ne doivent pas \u00eatre laiss\u00e9s seuls sans surveillance. Les propri\u00e9taires sont responsables de leur animal, notamment en cas de d\u00e9gradation.<\/p>\n<p><strong><span style=\"color: #990000;\">LE PETIT-DEJEUNER :<\/span> <\/strong><\/p>\n<p>Le petit-d\u00e9jeuner est servi \u00e0 partir de 06h30 jusqu\u2019\u00e0 10h00 dans la salle pr\u00e9vue \u00e0 cet effet ou, sur demande, en terrasse, en chambre ou \u00e0 emporter, au tarif en vigueur (consultable \u00e0 la r\u00e9ception ou sur notre site internet).<\/p>\n<p><strong><span style=\"color: #990000;\">L\u2019ESPACE DETENTE :<\/span> <\/strong><\/p>\n<p>Le sauna est ouvert de 10h00 \u00e0 00h00, sur r\u00e9servation, au tarif en vigueur (consultable \u00e0 la r\u00e9ception ou sur notre site internet).<\/p>\n<p>La salle de sport est ouverte de 7h00 \u00e0 22h00, sur r\u00e9servation (acc\u00e8s gratuit).<\/p>\n<p><strong><span style=\"color: #990000;\">INTERDICTIONS :<\/span> <\/strong><\/p>\n<p>Nous vous rappelons que l\u2019interdiction de fumer est en vigueur dans tous les lieux publics depuis le 02 janvier 2008. Il est \u00e9galement absolument interdit de fumer dans les chambres et les parties communes de l\u2019\u00e9tablissement pour des raisons \u00e9videntes de s\u00e9curit\u00e9 et de confort. Il est formellement interdit de d\u00e9monter les appareils de d\u00e9tection incendie, et cela pour les m\u00eames raisons cit\u00e9es ci-dessus. Il est \u00e9galement interdit d&rsquo;utiliser dans les chambres des appareils \u00e0 gaz (exemple : r\u00e9chaud, etc.\u2026).<\/p>\n<p>Il est strictement interdit d\u2019introduire dans les chambres et toute partie de l\u2019\u00e9tablissement des objets ou substances illicites et\/ou dangereux(ses).<\/p>\n<p><span style=\"color: #990000;\"><strong>NUISANCES, DEGRADATIONS ET RESPONSABILITE&nbsp;<\/strong>:<\/span><\/p>\n<p>Pour le respect et le repos des autres clients, veuillez ne pas claquer les portes ni faire du bruit, notamment entre 22h00 et 07h00. Tout bruit de voisinage li\u00e9 au comportement d\u2019un client, d\u2019un de ses accompagnants ou d\u2019un animal sous sa responsabilit\u00e9, pourra amener l\u2019h\u00f4telier \u00e0 contacter la police et \u00e0 inviter le client \u00e0 quitter l\u2019\u00e9tablissement sans qu\u2019il soit besoin de proc\u00e9der \u00e0 des mesures acoustiques, d\u00e8s lors que le bruit engendr\u00e9 est de nature \u00e0 porter atteinte \u00e0 la tranquillit\u00e9 de la client\u00e8le (art. R.1334-30 et R.1334-31 du code de la sant\u00e9 publique).<\/p>\n<p>Les bagages dans les espaces publics sont sous la surveillance et l\u2019enti\u00e8re responsabilit\u00e9 de leur propri\u00e9taire, y compris en cas de bagages laiss\u00e9s \u00e0 la r\u00e9ception. La responsabilit\u00e9 de l\u2019h\u00f4tel ne saurait \u00eatre engag\u00e9e en cas de perte ou vol d\u2019effets personnels du client.<\/p>\n<p>Une chambre d\u2019h\u00f4tel est un lieu de repos. Tout commerce y est formellement interdit.<\/p>\n<p>De mani\u00e8re g\u00e9n\u00e9rale, tout dommage ou nuisance, caus\u00e9 volontairement ou non, dans la chambre ou dans les diff\u00e9rents espaces occup\u00e9s au cours du s\u00e9jour, devra \u00eatre int\u00e9gralement acquitt\u00e9 par la personne ayant r\u00e9serv\u00e9 la chambre.<\/p>\n<p>Ainsi, l\u2019h\u00f4tel se r\u00e9serve le droit de facturer au client le co\u00fbt de r\u00e9paration ou de remplacement des mat\u00e9riels, objets ou meubles appartenant \u00e0 l\u2019h\u00f4tel, endommag\u00e9s ou manquants, m\u00eame en cas de constat apr\u00e8s le d\u00e9part du client.<\/p>\n<p>Le montant correspondant sera d\u00e9bit\u00e9 sur la carte bancaire du client utilis\u00e9e au moment de la r\u00e9servation. Une facture pourra \u00eatre fournie sur demande.<\/p>\n<p>En cas de d\u00e9g\u00e2ts ou nuisances ayant des r\u00e9percussions dans des chambres d\u2019autres clients, le remboursement des nuit\u00e9es des autres clients sera exig\u00e9.<\/p>\n<p>L\u2019h\u00f4tel appliquera le forfait de m\u00e9nage si la chambre est laiss\u00e9e dans un \u00e9tat jug\u00e9 non concevable. En cas de d\u00e9t\u00e9rioration de moquette, literie, sommier, l\u2019h\u00f4tel exigera le remboursement des d\u00e9g\u00e2ts avec un forfait minimum de 1500 \u20ac pour une remise en \u00e9tat et pour l\u2019incapacit\u00e9 de pouvoir relouer la chambre.<\/p>\n<p><span style=\"color: #990000;\"><strong>DEMARCHAGE TELEPHONIQUE&nbsp;:<\/strong><\/span> Conform\u00e9ment aux dispositions de <strong>l\u2019article L223-2 du Code de la consommation<\/strong>, le consommateur est inform\u00e9 qu\u2019il a la possibilit\u00e9 de s\u2019inscrire gratuitement sur une liste d\u2019opposition au d\u00e9marchage t\u00e9l\u00e9phonique s\u2019il ne souhaite pas faire l\u2019objet de prospection commerciale par voie t\u00e9l\u00e9phonique. Cette liste est accessible via le site suivant :&nbsp;<a href=\"https:\/\/www.bloctel.gouv.fr\/\">www.bloctel.gouv.fr<\/a><\/p>\t\t\t\t\t\t<\/div>\n\t\t\t\t<\/div>\n\t\t\t\t\t<\/div>\n\t\t\t\t<\/div>\n\t\t\t\t\t\t\t<\/div>\n\t\t","protected":false},"excerpt":{"rendered":"<p>R\u00e9glement int\u00e9rieur Chers clients, Afin que le s\u00e9jour de chacun se passe dans les meilleures conditions, nous vous prions de trouver ci-apr\u00e8s notre r\u00e8glement int\u00e9rieur. GENERALITES&nbsp;: Le r\u00e8glement int\u00e9rieur de l\u2019h\u00f4tel s\u2019applique \u00e0 l\u2019ensemble des r\u00e9servations. Tout s\u00e9jour entra\u00eene l\u2019acceptation des conditions particuli\u00e8res et du r\u00e8glement int\u00e9rieur de l\u2019h\u00f4tel. Le client accepte et s\u2019engage \u00e0 [&hellip;]<\/p>\n","protected":false},"author":1,"featured_media":0,"parent":0,"menu_order":0,"comment_status":"closed","ping_status":"closed","template":"elementor_header_footer","meta":{"footnotes":""},"class_list":["post-1285","page","type-page","status-publish","hentry"],"_links":{"self":[{"href":"https:\/\/paris-hotel-clichy.com\/index.php\/wp-json\/wp\/v2\/pages\/1285","targetHints":{"allow":["GET"]}}],"collection":[{"href":"https:\/\/paris-hotel-clichy.com\/index.php\/wp-json\/wp\/v2\/pages"}],"about":[{"href":"https:\/\/paris-hotel-clichy.com\/index.php\/wp-json\/wp\/v2\/types\/page"}],"author":[{"embeddable":true,"href":"https:\/\/paris-hotel-clichy.com\/index.php\/wp-json\/wp\/v2\/users\/1"}],"replies":[{"embeddable":true,"href":"https:\/\/paris-hotel-clichy.com\/index.php\/wp-json\/wp\/v2\/comments?post=1285"}],"version-history":[{"count":43,"href":"https:\/\/paris-hotel-clichy.com\/index.php\/wp-json\/wp\/v2\/pages\/1285\/revisions"}],"predecessor-version":[{"id":1642,"href":"https:\/\/paris-hotel-clichy.com\/index.php\/wp-json\/wp\/v2\/pages\/1285\/revisions\/1642"}],"wp:attachment":[{"href":"https:\/\/paris-hotel-clichy.com\/index.php\/wp-json\/wp\/v2\/media?parent=1285"}],"curies":[{"name":"wp","href":"https:\/\/api.w.org\/{rel}","templated":true}]}}