{"id":1237,"date":"2023-11-24T11:49:58","date_gmt":"2023-11-24T10:49:58","guid":{"rendered":"https:\/\/paris-hotel-clichy.com\/?page_id=1237"},"modified":"2024-04-04T13:45:02","modified_gmt":"2024-04-04T11:45:02","slug":"condizioni-generali-di-vendita","status":"publish","type":"page","link":"https:\/\/paris-hotel-clichy.com\/index.php\/it\/condizioni-generali-di-vendita\/","title":{"rendered":"Condizioni Generali di Vendita"},"content":{"rendered":"\t\t<div data-elementor-type=\"wp-page\" data-elementor-id=\"1237\" class=\"elementor elementor-1237\">\n\t\t\t\t\t\t\t\t\t<section class=\"elementor-section elementor-top-section elementor-element elementor-element-9cc90b2 elementor-section-boxed elementor-section-height-default elementor-section-height-default\" data-id=\"9cc90b2\" data-element_type=\"section\" data-settings=\"{&quot;background_background&quot;:&quot;classic&quot;}\">\n\t\t\t\t\t\t<div class=\"elementor-container elementor-column-gap-default\">\n\t\t\t\t\t<div class=\"elementor-column elementor-col-100 elementor-top-column elementor-element elementor-element-497b138\" data-id=\"497b138\" data-element_type=\"column\">\n\t\t\t<div class=\"elementor-widget-wrap elementor-element-populated\">\n\t\t\t\t\t\t\t\t<div class=\"elementor-element elementor-element-16799d8 elementor-widget-divider--view-line elementor-invisible elementor-widget elementor-widget-divider\" data-id=\"16799d8\" data-element_type=\"widget\" data-settings=\"{&quot;_animation&quot;:&quot;fadeInRight&quot;,&quot;_animation_delay&quot;:200}\" data-widget_type=\"divider.default\">\n\t\t\t\t<div class=\"elementor-widget-container\">\n\t\t\t<style>\/*! elementor - v3.18.0 - 20-12-2023 *\/\n.elementor-widget-divider{--divider-border-style:none;--divider-border-width:1px;--divider-color:#0c0d0e;--divider-icon-size:20px;--divider-element-spacing:10px;--divider-pattern-height:24px;--divider-pattern-size:20px;--divider-pattern-url:none;--divider-pattern-repeat:repeat-x}.elementor-widget-divider .elementor-divider{display:flex}.elementor-widget-divider .elementor-divider__text{font-size:15px;line-height:1;max-width:95%}.elementor-widget-divider .elementor-divider__element{margin:0 var(--divider-element-spacing);flex-shrink:0}.elementor-widget-divider .elementor-icon{font-size:var(--divider-icon-size)}.elementor-widget-divider .elementor-divider-separator{display:flex;margin:0;direction:ltr}.elementor-widget-divider--view-line_icon .elementor-divider-separator,.elementor-widget-divider--view-line_text .elementor-divider-separator{align-items:center}.elementor-widget-divider--view-line_icon .elementor-divider-separator:after,.elementor-widget-divider--view-line_icon .elementor-divider-separator:before,.elementor-widget-divider--view-line_text .elementor-divider-separator:after,.elementor-widget-divider--view-line_text .elementor-divider-separator:before{display:block;content:\"\";border-bottom:0;flex-grow:1;border-top:var(--divider-border-width) var(--divider-border-style) var(--divider-color)}.elementor-widget-divider--element-align-left .elementor-divider .elementor-divider-separator>.elementor-divider__svg:first-of-type{flex-grow:0;flex-shrink:100}.elementor-widget-divider--element-align-left .elementor-divider-separator:before{content:none}.elementor-widget-divider--element-align-left .elementor-divider__element{margin-left:0}.elementor-widget-divider--element-align-right .elementor-divider .elementor-divider-separator>.elementor-divider__svg:last-of-type{flex-grow:0;flex-shrink:100}.elementor-widget-divider--element-align-right .elementor-divider-separator:after{content:none}.elementor-widget-divider--element-align-right .elementor-divider__element{margin-right:0}.elementor-widget-divider:not(.elementor-widget-divider--view-line_text):not(.elementor-widget-divider--view-line_icon) .elementor-divider-separator{border-top:var(--divider-border-width) var(--divider-border-style) var(--divider-color)}.elementor-widget-divider--separator-type-pattern{--divider-border-style:none}.elementor-widget-divider--separator-type-pattern.elementor-widget-divider--view-line .elementor-divider-separator,.elementor-widget-divider--separator-type-pattern:not(.elementor-widget-divider--view-line) .elementor-divider-separator:after,.elementor-widget-divider--separator-type-pattern:not(.elementor-widget-divider--view-line) .elementor-divider-separator:before,.elementor-widget-divider--separator-type-pattern:not([class*=elementor-widget-divider--view]) .elementor-divider-separator{width:100%;min-height:var(--divider-pattern-height);-webkit-mask-size:var(--divider-pattern-size) 100%;mask-size:var(--divider-pattern-size) 100%;-webkit-mask-repeat:var(--divider-pattern-repeat);mask-repeat:var(--divider-pattern-repeat);background-color:var(--divider-color);-webkit-mask-image:var(--divider-pattern-url);mask-image:var(--divider-pattern-url)}.elementor-widget-divider--no-spacing{--divider-pattern-size:auto}.elementor-widget-divider--bg-round{--divider-pattern-repeat:round}.rtl .elementor-widget-divider .elementor-divider__text{direction:rtl}.e-con-inner>.elementor-widget-divider,.e-con>.elementor-widget-divider{width:var(--container-widget-width,100%);--flex-grow:var(--container-widget-flex-grow)}<\/style>\t\t<div class=\"elementor-divider\">\n\t\t\t<span class=\"elementor-divider-separator\">\n\t\t\t\t\t\t<\/span>\n\t\t<\/div>\n\t\t\t\t<\/div>\n\t\t\t\t<\/div>\n\t\t\t\t<div class=\"elementor-element elementor-element-21bc54f elementor-invisible elementor-widget elementor-widget-heading\" data-id=\"21bc54f\" data-element_type=\"widget\" data-settings=\"{&quot;_animation&quot;:&quot;fadeInUp&quot;}\" data-widget_type=\"heading.default\">\n\t\t\t\t<div class=\"elementor-widget-container\">\n\t\t\t<style>\/*! elementor - v3.18.0 - 20-12-2023 *\/\n.elementor-heading-title{padding:0;margin:0;line-height:1}.elementor-widget-heading .elementor-heading-title[class*=elementor-size-]>a{color:inherit;font-size:inherit;line-height:inherit}.elementor-widget-heading .elementor-heading-title.elementor-size-small{font-size:15px}.elementor-widget-heading .elementor-heading-title.elementor-size-medium{font-size:19px}.elementor-widget-heading .elementor-heading-title.elementor-size-large{font-size:29px}.elementor-widget-heading .elementor-heading-title.elementor-size-xl{font-size:39px}.elementor-widget-heading .elementor-heading-title.elementor-size-xxl{font-size:59px}<\/style><h2 class=\"elementor-heading-title elementor-size-default\">condizioni generali di vendita<\/h2>\t\t<\/div>\n\t\t\t\t<\/div>\n\t\t\t\t\t<\/div>\n\t\t<\/div>\n\t\t\t\t\t\t\t<\/div>\n\t\t<\/section>\n\t\t<div class=\"elementor-element elementor-element-e6f0296 e-flex e-con-boxed e-con e-parent\" data-id=\"e6f0296\" data-element_type=\"container\" data-settings=\"{&quot;content_width&quot;:&quot;boxed&quot;}\" data-core-v316-plus=\"true\">\n\t\t\t\t\t<div class=\"e-con-inner\">\n\t\t\t\t<div class=\"elementor-element elementor-element-ad07ec7 elementor-widget elementor-widget-text-editor\" data-id=\"ad07ec7\" data-element_type=\"widget\" data-widget_type=\"text-editor.default\">\n\t\t\t\t<div class=\"elementor-widget-container\">\n\t\t\t<style>\/*! elementor - v3.18.0 - 20-12-2023 *\/\n.elementor-widget-text-editor.elementor-drop-cap-view-stacked .elementor-drop-cap{background-color:#69727d;color:#fff}.elementor-widget-text-editor.elementor-drop-cap-view-framed .elementor-drop-cap{color:#69727d;border:3px solid;background-color:transparent}.elementor-widget-text-editor:not(.elementor-drop-cap-view-default) .elementor-drop-cap{margin-top:8px}.elementor-widget-text-editor:not(.elementor-drop-cap-view-default) .elementor-drop-cap-letter{width:1em;height:1em}.elementor-widget-text-editor .elementor-drop-cap{float:left;text-align:center;line-height:1;font-size:50px}.elementor-widget-text-editor .elementor-drop-cap-letter{display:inline-block}<\/style>\t\t\t\t<p style=\"margin-bottom: 0cm; text-align: justify; line-height: normal; mso-layout-grid-align: none; text-autospace: none;\"><b><span style=\"font-size: 9.0pt; font-family: 'Arial',sans-serif; mso-fareast-font-family: Arial;\"><span style=\"color: #990000;\">PRESENTAZIONE:<\/span> <\/span><\/b><span style=\"font-size: 9.0pt; font-family: 'Arial',sans-serif; mso-fareast-font-family: Arial;\">L&rsquo;hotel si riserva il diritto di rifiutare clienti che manifestano comportamenti rumorosi o impropri, cos\u00ec come coloro il cui comportamento \u00e8 contrario alla moralit\u00e0 e all&rsquo;ordine pubblico. \u00c8 richiesto un documento di identit\u00e0 per verificare la tua identit\u00e0. <\/span><\/p><p style=\"margin-bottom: 0cm; text-align: justify; line-height: normal; mso-layout-grid-align: none; text-autospace: none;\"><span style=\"font-size: 9.0pt; font-family: 'Arial',sans-serif; mso-fareast-font-family: Arial;\">\u00a0<\/span><\/p><p style=\"margin-bottom: 0cm; text-align: justify; line-height: normal; mso-layout-grid-align: none; text-autospace: none;\"><span style=\"font-size: 9.0pt; font-family: 'Arial',sans-serif; mso-fareast-font-family: Arial;\"><strong><span style=\"color: #990000;\">RICEZIONE:<\/span><\/strong> La ricezione declina ogni responsabilit\u00e0 per il vostro bagaglio o gli oggetti lasciati in aree pubbliche.<\/span><\/p><p style=\"margin-bottom: 0cm; text-align: justify; line-height: normal; mso-layout-grid-align: none; text-autospace: none;\"><span style=\"font-size: 9.0pt; font-family: 'Arial',sans-serif; mso-fareast-font-family: Arial;\">\u00a0<\/span><\/p><p style=\"margin-bottom: 0cm; text-align: justify; line-height: normal; mso-layout-grid-align: none; text-autospace: none;\"><span style=\"font-size: 9.0pt; font-family: 'Arial',sans-serif; mso-fareast-font-family: Arial;\"><strong><span style=\"color: #990000;\">PAGAMENTO:<\/span><\/strong> Il saldo del soggiorno \u00e8 pagabile all&rsquo;arrivo. <strong>Accettiamo: assegni aziendali o buoni vacanza, le seguenti carte di credito: Visa, Eurocard, MasterCard, American Express e contanti.<\/strong> Chiediamo che chiunque soggiorni nella nostra struttura presenti un documento di identit\u00e0 all&rsquo;arrivo. Nel caso in cui non siate in grado di fornire questo documento, ci vedremmo costretti a negare la vostra richiesta di affitto della camera. <\/span><\/p><p style=\"margin-bottom: 0cm; text-align: justify; line-height: normal; mso-layout-grid-align: none; text-autospace: none;\"><span style=\"font-size: 9.0pt; font-family: 'Arial',sans-serif; mso-fareast-font-family: Arial;\">\u00a0<\/span><\/p><p style=\"margin-bottom: 0cm; text-align: justify; line-height: normal; mso-layout-grid-align: none; text-autospace: none;\"><span style=\"font-size: 9.0pt; font-family: 'Arial',sans-serif; mso-fareast-font-family: Arial;\"><strong>Al momento dell&rsquo;arrivo del cliente \u00e8 richiesto un deposito di \u20ac150 (da versare tramite carta di credito o in contanti) per soggiorno, che viene trattenuto automaticamente in caso di mancato rispetto del regolamento interno dell&rsquo;hotel.<\/strong> <\/span><\/p><p style=\"margin-bottom: 0cm; text-align: justify; line-height: normal; mso-layout-grid-align: none; text-autospace: none;\"><span style=\"font-size: 9.0pt; font-family: 'Arial',sans-serif; mso-fareast-font-family: Arial;\">\u00a0<\/span><\/p><p style=\"margin-bottom: 0cm; text-align: justify; line-height: normal; mso-layout-grid-align: none; text-autospace: none;\"><span style=\"font-size: 9.0pt; font-family: 'Arial',sans-serif; mso-fareast-font-family: Arial;\"><strong><span style=\"color: #990000;\">IN CASO DI INTERRUZIONE DEL SOGGIORNO:<\/span><\/strong> non verr\u00e0 effettuato <strong>alcun rimborso.<\/strong> Allo stesso modo, in caso di partenza anticipata, l&rsquo;intero soggiorno \u00e8 dovuto. <strong>Le partenze anticipate non possono in nessun caso essere rimborsate.<\/strong><\/span><\/p><p style=\"margin-bottom: 0cm; text-align: justify; line-height: normal; mso-layout-grid-align: none; text-autospace: none;\"><span style=\"font-size: 9.0pt; font-family: 'Arial',sans-serif; mso-fareast-font-family: Arial;\">\u00a0<\/span><\/p><p style=\"margin-bottom: 0cm; text-align: justify; line-height: normal; mso-layout-grid-align: none; text-autospace: none;\"><span style=\"font-size: 9.0pt; font-family: 'Arial',sans-serif; mso-fareast-font-family: Arial;\"><strong><span style=\"color: #990000;\">NON-PRESENTAZIONE:<\/span><\/strong> \u00e8 considerata come l&rsquo;occupazione effettiva della camera.\u00a0<\/span><\/p><p style=\"margin-bottom: 0cm; text-align: justify; line-height: normal; mso-layout-grid-align: none; text-autospace: none;\"><span style=\"font-size: 9.0pt; font-family: 'Arial',sans-serif; mso-fareast-font-family: Arial;\">\u00a0<\/span><\/p><p style=\"margin-bottom: 0cm; text-align: justify; line-height: normal; mso-layout-grid-align: none; text-autospace: none;\"><strong><span style=\"font-size: 9pt; font-family: Arial, sans-serif; color: #990000;\">CANCELLAZIONE: <\/span><\/strong><\/p><ul><li style=\"text-align: justify; line-height: normal;\"><span style=\"font-size: 9pt; font-family: Arial, sans-serif; color: #990000;\"><span style=\"color: #333333;\"><strong>Per prenotazioni individuali,<\/strong> qualsiasi cancellazione deve pervenirci 48 ore prima della data di arrivo per soggiorni individuali (escluse condizioni speciali stabilite dai nostri partner). Trascorso questo periodo, la prenotazione \u00e8 dovuta. La non presentazione \u00e8 considerata come l&rsquo;occupazione effettiva della camera. <\/span><\/span><\/li><li style=\"text-align: justify; line-height: normal;\"><span style=\"font-size: 9pt; font-family: Arial, sans-serif; color: #990000;\"><span style=\"color: #333333;\"><strong>Per prenotazioni di gruppo,<\/strong> un deposito del 50% non \u00e8 pi\u00f9 rimborsabile due mesi prima dell&rsquo;inizio del soggiorno, e il saldo non \u00e8 pi\u00f9 rimborsabile un mese prima dell&rsquo;inizio del soggiorno.<\/span><\/span><\/li><\/ul><p><span style=\"font-size: 9pt; font-family: Arial, sans-serif; color: #990000;\"><span style=\"color: #333333;\">\u00a0<\/span><\/span><\/p><p><strong><span style=\"font-size: 9pt; font-family: Arial, sans-serif; color: #990000;\"><span style=\"color: #333333;\">Il periodo di recesso di 14 giorni disciplinato dal Codice del Consumo non si applica ai servizi di alloggio alberghiero. Articolo L.221-28 del Codice del Consumo.\u00a0 <\/span><\/span><\/strong><\/p><p><strong><span style=\"font-size: 9pt; font-family: Arial, sans-serif; color: #990000;\"><span style=\"color: #333333;\"><span style=\"color: #990000;\">TELEMARKETING: <\/span><\/span><\/span><\/strong><span style=\"font-size: 9pt; font-family: Arial, sans-serif; color: #990000;\"><span style=\"color: #333333;\">In conformit\u00e0 alle disposizioni dell&rsquo;<strong>articolo L223-2 del Codice del Consumo<\/strong>, il consumatore \u00e8 informato che ha la possibilit\u00e0 di iscriversi gratuitamente in un elenco di opposizione al telemarketing se non desidera essere soggetto a prospezione commerciale telefonica. Questo elenco \u00e8 accessibile tramite il seguente sito web: <a href=\"https:\/\/www.bloctel.gouv.fr\/\">www.bloctel.gouv.fr<\/a>.<\/span><\/span><\/p><p><span style=\"font-size: 9pt; font-family: Arial, sans-serif; color: #990000;\"><span style=\"color: #333333;\"><span style=\"color: #990000;\"><strong>TASSA DI SOGGIORNO:<\/strong><\/span> non inclusa nel prezzo della prenotazione, \u00e8 in vigore nel comune. <strong>Si paga in loco<\/strong>. <\/span><\/span><\/p><p><span style=\"font-size: 9pt; font-family: Arial, sans-serif; color: #990000;\"><span style=\"color: #333333;\"><span style=\"color: #990000;\"><strong>ACCESSO ALLE CAMERE:<\/strong><\/span> <strong>Le camere sono disponibili A PARTIRE dalle ore 14:00 e devono essere lasciate libere entro le ore 12:00<\/strong>. Si prega di notare che in caso di partenza tardiva, il tempo aggiuntivo verr\u00e0 addebitato a 20 \u20ac all&rsquo;ora. Se desiderate mantenere la camera per una notte aggiuntiva, il pagamento della camera deve essere effettuato prima delle 11:00, previa disponibilit\u00e0. Inoltre, la vostra camera \u00e8 destinata a un numero specifico di persone; per garantire le regole di sicurezza dell&rsquo;hotel, non dovete ospitare persone aggiuntive in nessun caso. Assicuratevi che la porta della vostra camera sia correttamente chiusa prima di lasciare la camera o di andare a letto. <\/span><\/span><\/p><p><span style=\"font-size: 9pt; font-family: Arial, sans-serif; color: #990000;\"><span style=\"color: #333333;\"><strong><span style=\"color: #990000;\">DIVIETI:<\/span><\/strong> <strong>Vi ricordiamo che \u00e8 vietato fumare in tutti i luoghi pubblici dal 2 gennaio 2008<\/strong>. \u00c8 inoltre severamente vietato fumare nelle camere per ovvie ragioni di sicurezza e comfort (il mancato rispetto comporter\u00e0 un&rsquo;indennit\u00e0 di \u20ac150\/soggiorno per ripristinare la camera alle sue condizioni originali). \u00c8 vietato utilizzare apparecchi a gas nelle camere, ad esempio: Fornello, ecc.. <\/span><\/span><\/p><p><span style=\"font-size: 9pt; font-family: Arial, sans-serif; color: #990000;\"><span style=\"color: #333333;\"><strong><span style=\"color: #990000;\">ANIMALI:<\/span> <\/strong>Gli animali domestici sono ammessi ma soggetti a condizioni: devono pesare meno di 10 kg, devono essere tenuti al guinzaglio in tutte le aree comuni della nostra struttura. <strong>Per motivi igienici, gli animali non sono ammessi nella sala colazioni e non devono essere lasciati soli in camera. <\/strong><\/span><\/span><\/p><p><span style=\"font-size: 9pt; font-family: Arial, sans-serif; color: #990000;\"><span style=\"color: #333333;\"><span style=\"color: #990000;\"><strong>COLAZIONE:<\/strong> <\/span>viene servita dalle 6:30 alle 10:00 tutti i giorni della settimana nella sala appositamente designata. <\/span><\/span><\/p><p><span style=\"font-size: 9pt; font-family: Arial, sans-serif; color: #990000;\"><span style=\"color: #333333;\"><strong><span style=\"color: #990000;\">DANNI:<\/span> <\/strong>Vi chiediamo di rispettare i luoghi e l&rsquo;arredamento della vostra camera. In caso di problemi o danni al mobilio della camera, il cliente sar\u00e0 ritenuto responsabile. Allo stesso modo, si prega di notare che qualsiasi oggetto mancante (asciugamani, cuscini, ecc&#8230;) o danneggiato dopo il vostro soggiorno in camera vi verr\u00e0 addebitato automaticamente. <strong>Durante il vostro soggiorno, vi sar\u00e0 consegnata una chiave per accedere liberamente alla vostra camera. In caso di smarrimento, la sostituzione vi sar\u00e0 addebitata al costo corrente. <\/strong><\/span><\/span><\/p><p><span style=\"font-size: 9pt; font-family: Arial, sans-serif; color: #990000;\"><span style=\"color: #333333;\"><strong><span style=\"color: #990000;\">MOLESTIE:<\/span> <\/strong>Per rispetto del riposo degli altri clienti, evitate di fare troppo rumore specialmente tra le 22:00 e le 8:00.<strong> Qualsiasi rumore di quartiere legato al comportamento di una persona o di un animale sotto la propria responsabilit\u00e0 pu\u00f2 portare l&rsquo;albergatore a chiedere al cliente di lasciare l&rsquo;hotel senza la necessit\u00e0 di misure acustiche, purch\u00e9 il rumore generato possa disturbare la tranquillit\u00e0 della clientela (art. R.1334-30 e R;1334-31 del Codice della Salute Pubblica). <\/strong>Una camera d&rsquo;albergo \u00e8 un luogo di riposo. Ogni commercio \u00e8 rigorosamente vietato. <\/span><\/span><\/p><p><span style=\"font-size: 9pt; font-family: Arial, sans-serif; color: #990000;\"><span style=\"color: #333333;\"><strong><span style=\"color: #990000;\">REGOLAMENTO INTERNO:<\/span> <\/strong>dell&rsquo;hotel si applica a tutte le prenotazioni. <strong>Qualsiasi soggiorno implica l&rsquo;accettazione delle condizioni particolari e del regolamento interno dell&rsquo;hotel. <\/strong><\/span><\/span><\/p><p><span style=\"font-size: 9pt; font-family: Arial, sans-serif; color: #990000;\"><strong>IN CASO DI NON RISPETTO DA PARTE DEL CLIENTE DI UNA DI QUESTE DISPOSIZIONI, L&rsquo;HOTELIER SAR\u00c0 COSTRETTO A CHIEDERE AL CLIENTE DI LASCIARE LA STRUTTURA, SENZA ALCUNA INDENNIT\u00c0. <\/strong><\/span><\/p><p><span style=\"font-size: 9pt; font-family: Arial, sans-serif; color: #990000;\"><strong>RISOLUZIONE DELLE CONTROVERSIE:<\/strong><span style=\"color: #333333;\"> Per qualsiasi reclamo relativo a una prenotazione alberghiera, la Direzione dell&rsquo;hotel \u00e8 a vostra disposizione tramite la sezione \u00ab\u00a0Contattaci\u00a0\u00bb del <strong>sito web dell&rsquo;hotel<\/strong>: <a href=\"https:\/\/paris-hotel-clichy.com\/index.php\/it\/home-it\/\" target=\"_blank\" rel=\"noopener\">https:\/\/paris-hotel-clichy.com<\/a> o <strong>per posta<\/strong>: 3 rue Henri Poincar\u00e9, 92110 Clichy-la-garenne. <\/span><\/span><\/p><p><span style=\"font-size: 9pt; font-family: Arial, sans-serif; color: #990000;\"><span style=\"color: #333333;\">Inoltre, si informa il consumatore che pu\u00f2 presentare un reclamo tramite la piattaforma europea per la risoluzione delle controversie, accessibile tramite il seguente sito web:<\/span><\/span><\/p><p><span style=\"font-size: 9pt; font-family: Arial, sans-serif; color: #990000;\"><span style=\"color: #333333;\"><a href=\"https:\/\/ec.europa.eu\/consumers\/odr\/main\/index.cfm?event=main.home2.show&amp;lng=IT\" target=\"_blank\" rel=\"noopener\">https:\/\/ec.europa.eu\/consumers\/odr\/main\/index.cfm?event=main.home2.show&amp;lng=IT<\/a><\/span><\/span><\/p><p><span style=\"font-size: 9pt; font-family: Arial, sans-serif; color: #990000;\"><span style=\"color: #333333;\">In caso di controversia non risolta entro 30 giorni dalla presentazione del reclamo, il cliente pu\u00f2 rivolgersi al Mediatore del Turismo e dei Viaggi i cui dati di contatto sono i seguenti: <\/span><\/span><\/p><p><span style=\"font-size: 9pt; font-family: Arial, sans-serif; color: #990000;\"><span style=\"color: #333333;\"><strong>Indirizzo postale:<\/strong> Mediazione Turismo e Viaggi BP 80 303 75 823 Parigi Cedex 17\u00a0 <\/span><\/span><\/p><p><span style=\"font-size: 9pt; font-family: Arial, sans-serif; color: #990000;\"><span style=\"color: #333333;\"><strong>Sito web:<\/strong> <a href=\"http:\/\/www.mtv.travel\" target=\"_new\">www.mtv.travel<\/a><\/span><\/span><\/p>\t\t\t\t\t\t<\/div>\n\t\t\t\t<\/div>\n\t\t\t\t\t<\/div>\n\t\t\t\t<\/div>\n\t\t\t\t\t\t\t<\/div>\n\t\t","protected":false},"excerpt":{"rendered":"<p>condizioni generali di vendita PRESENTAZIONE: L&rsquo;hotel si riserva il diritto di rifiutare clienti che manifestano comportamenti rumorosi o impropri, cos\u00ec come coloro il cui comportamento \u00e8 contrario alla moralit\u00e0 e all&rsquo;ordine pubblico. \u00c8 richiesto un documento di identit\u00e0 per verificare la tua identit\u00e0. \u00a0 RICEZIONE: La ricezione declina ogni responsabilit\u00e0 per il vostro bagaglio o [&hellip;]<\/p>\n","protected":false},"author":1,"featured_media":0,"parent":0,"menu_order":0,"comment_status":"closed","ping_status":"closed","template":"elementor_header_footer","meta":{"footnotes":""},"class_list":["post-1237","page","type-page","status-publish","hentry"],"_links":{"self":[{"href":"https:\/\/paris-hotel-clichy.com\/index.php\/wp-json\/wp\/v2\/pages\/1237","targetHints":{"allow":["GET"]}}],"collection":[{"href":"https:\/\/paris-hotel-clichy.com\/index.php\/wp-json\/wp\/v2\/pages"}],"about":[{"href":"https:\/\/paris-hotel-clichy.com\/index.php\/wp-json\/wp\/v2\/types\/page"}],"author":[{"embeddable":true,"href":"https:\/\/paris-hotel-clichy.com\/index.php\/wp-json\/wp\/v2\/users\/1"}],"replies":[{"embeddable":true,"href":"https:\/\/paris-hotel-clichy.com\/index.php\/wp-json\/wp\/v2\/comments?post=1237"}],"version-history":[{"count":19,"href":"https:\/\/paris-hotel-clichy.com\/index.php\/wp-json\/wp\/v2\/pages\/1237\/revisions"}],"predecessor-version":[{"id":1625,"href":"https:\/\/paris-hotel-clichy.com\/index.php\/wp-json\/wp\/v2\/pages\/1237\/revisions\/1625"}],"wp:attachment":[{"href":"https:\/\/paris-hotel-clichy.com\/index.php\/wp-json\/wp\/v2\/media?parent=1237"}],"curies":[{"name":"wp","href":"https:\/\/api.w.org\/{rel}","templated":true}]}}