{"id":1227,"date":"2023-11-24T11:43:24","date_gmt":"2023-11-24T10:43:24","guid":{"rendered":"https:\/\/paris-hotel-clichy.com\/?page_id=1227"},"modified":"2024-04-04T13:45:46","modified_gmt":"2024-04-04T11:45:46","slug":"condiciones-generales-de-venta","status":"publish","type":"page","link":"https:\/\/paris-hotel-clichy.com\/index.php\/es\/condiciones-generales-de-venta\/","title":{"rendered":"Condiciones Generales de Venta"},"content":{"rendered":"\t\t<div data-elementor-type=\"wp-page\" data-elementor-id=\"1227\" class=\"elementor elementor-1227\">\n\t\t\t\t\t\t\t\t\t<section class=\"elementor-section elementor-top-section elementor-element elementor-element-9cc90b2 elementor-section-boxed elementor-section-height-default elementor-section-height-default\" data-id=\"9cc90b2\" data-element_type=\"section\" data-settings=\"{&quot;background_background&quot;:&quot;classic&quot;}\">\n\t\t\t\t\t\t<div class=\"elementor-container elementor-column-gap-default\">\n\t\t\t\t\t<div class=\"elementor-column elementor-col-100 elementor-top-column elementor-element elementor-element-497b138\" data-id=\"497b138\" data-element_type=\"column\">\n\t\t\t<div class=\"elementor-widget-wrap elementor-element-populated\">\n\t\t\t\t\t\t\t\t<div class=\"elementor-element elementor-element-16799d8 elementor-widget-divider--view-line elementor-invisible elementor-widget elementor-widget-divider\" data-id=\"16799d8\" data-element_type=\"widget\" data-settings=\"{&quot;_animation&quot;:&quot;fadeInRight&quot;,&quot;_animation_delay&quot;:200}\" data-widget_type=\"divider.default\">\n\t\t\t\t<div class=\"elementor-widget-container\">\n\t\t\t<style>\/*! elementor - v3.18.0 - 20-12-2023 *\/\n.elementor-widget-divider{--divider-border-style:none;--divider-border-width:1px;--divider-color:#0c0d0e;--divider-icon-size:20px;--divider-element-spacing:10px;--divider-pattern-height:24px;--divider-pattern-size:20px;--divider-pattern-url:none;--divider-pattern-repeat:repeat-x}.elementor-widget-divider .elementor-divider{display:flex}.elementor-widget-divider .elementor-divider__text{font-size:15px;line-height:1;max-width:95%}.elementor-widget-divider .elementor-divider__element{margin:0 var(--divider-element-spacing);flex-shrink:0}.elementor-widget-divider .elementor-icon{font-size:var(--divider-icon-size)}.elementor-widget-divider .elementor-divider-separator{display:flex;margin:0;direction:ltr}.elementor-widget-divider--view-line_icon .elementor-divider-separator,.elementor-widget-divider--view-line_text .elementor-divider-separator{align-items:center}.elementor-widget-divider--view-line_icon .elementor-divider-separator:after,.elementor-widget-divider--view-line_icon .elementor-divider-separator:before,.elementor-widget-divider--view-line_text .elementor-divider-separator:after,.elementor-widget-divider--view-line_text .elementor-divider-separator:before{display:block;content:\"\";border-bottom:0;flex-grow:1;border-top:var(--divider-border-width) var(--divider-border-style) var(--divider-color)}.elementor-widget-divider--element-align-left .elementor-divider .elementor-divider-separator>.elementor-divider__svg:first-of-type{flex-grow:0;flex-shrink:100}.elementor-widget-divider--element-align-left .elementor-divider-separator:before{content:none}.elementor-widget-divider--element-align-left .elementor-divider__element{margin-left:0}.elementor-widget-divider--element-align-right .elementor-divider .elementor-divider-separator>.elementor-divider__svg:last-of-type{flex-grow:0;flex-shrink:100}.elementor-widget-divider--element-align-right .elementor-divider-separator:after{content:none}.elementor-widget-divider--element-align-right .elementor-divider__element{margin-right:0}.elementor-widget-divider:not(.elementor-widget-divider--view-line_text):not(.elementor-widget-divider--view-line_icon) .elementor-divider-separator{border-top:var(--divider-border-width) var(--divider-border-style) var(--divider-color)}.elementor-widget-divider--separator-type-pattern{--divider-border-style:none}.elementor-widget-divider--separator-type-pattern.elementor-widget-divider--view-line .elementor-divider-separator,.elementor-widget-divider--separator-type-pattern:not(.elementor-widget-divider--view-line) .elementor-divider-separator:after,.elementor-widget-divider--separator-type-pattern:not(.elementor-widget-divider--view-line) .elementor-divider-separator:before,.elementor-widget-divider--separator-type-pattern:not([class*=elementor-widget-divider--view]) .elementor-divider-separator{width:100%;min-height:var(--divider-pattern-height);-webkit-mask-size:var(--divider-pattern-size) 100%;mask-size:var(--divider-pattern-size) 100%;-webkit-mask-repeat:var(--divider-pattern-repeat);mask-repeat:var(--divider-pattern-repeat);background-color:var(--divider-color);-webkit-mask-image:var(--divider-pattern-url);mask-image:var(--divider-pattern-url)}.elementor-widget-divider--no-spacing{--divider-pattern-size:auto}.elementor-widget-divider--bg-round{--divider-pattern-repeat:round}.rtl .elementor-widget-divider .elementor-divider__text{direction:rtl}.e-con-inner>.elementor-widget-divider,.e-con>.elementor-widget-divider{width:var(--container-widget-width,100%);--flex-grow:var(--container-widget-flex-grow)}<\/style>\t\t<div class=\"elementor-divider\">\n\t\t\t<span class=\"elementor-divider-separator\">\n\t\t\t\t\t\t<\/span>\n\t\t<\/div>\n\t\t\t\t<\/div>\n\t\t\t\t<\/div>\n\t\t\t\t<div class=\"elementor-element elementor-element-21bc54f elementor-invisible elementor-widget elementor-widget-heading\" data-id=\"21bc54f\" data-element_type=\"widget\" data-settings=\"{&quot;_animation&quot;:&quot;fadeInUp&quot;}\" data-widget_type=\"heading.default\">\n\t\t\t\t<div class=\"elementor-widget-container\">\n\t\t\t<style>\/*! elementor - v3.18.0 - 20-12-2023 *\/\n.elementor-heading-title{padding:0;margin:0;line-height:1}.elementor-widget-heading .elementor-heading-title[class*=elementor-size-]>a{color:inherit;font-size:inherit;line-height:inherit}.elementor-widget-heading .elementor-heading-title.elementor-size-small{font-size:15px}.elementor-widget-heading .elementor-heading-title.elementor-size-medium{font-size:19px}.elementor-widget-heading .elementor-heading-title.elementor-size-large{font-size:29px}.elementor-widget-heading .elementor-heading-title.elementor-size-xl{font-size:39px}.elementor-widget-heading .elementor-heading-title.elementor-size-xxl{font-size:59px}<\/style><h2 class=\"elementor-heading-title elementor-size-default\">condiciones generales de venta<\/h2>\t\t<\/div>\n\t\t\t\t<\/div>\n\t\t\t\t\t<\/div>\n\t\t<\/div>\n\t\t\t\t\t\t\t<\/div>\n\t\t<\/section>\n\t\t<div class=\"elementor-element elementor-element-e6f0296 e-flex e-con-boxed e-con e-parent\" data-id=\"e6f0296\" data-element_type=\"container\" data-settings=\"{&quot;content_width&quot;:&quot;boxed&quot;}\" data-core-v316-plus=\"true\">\n\t\t\t\t\t<div class=\"e-con-inner\">\n\t\t\t\t<div class=\"elementor-element elementor-element-ad07ec7 elementor-widget elementor-widget-text-editor\" data-id=\"ad07ec7\" data-element_type=\"widget\" data-widget_type=\"text-editor.default\">\n\t\t\t\t<div class=\"elementor-widget-container\">\n\t\t\t<style>\/*! elementor - v3.18.0 - 20-12-2023 *\/\n.elementor-widget-text-editor.elementor-drop-cap-view-stacked .elementor-drop-cap{background-color:#69727d;color:#fff}.elementor-widget-text-editor.elementor-drop-cap-view-framed .elementor-drop-cap{color:#69727d;border:3px solid;background-color:transparent}.elementor-widget-text-editor:not(.elementor-drop-cap-view-default) .elementor-drop-cap{margin-top:8px}.elementor-widget-text-editor:not(.elementor-drop-cap-view-default) .elementor-drop-cap-letter{width:1em;height:1em}.elementor-widget-text-editor .elementor-drop-cap{float:left;text-align:center;line-height:1;font-size:50px}.elementor-widget-text-editor .elementor-drop-cap-letter{display:inline-block}<\/style>\t\t\t\t<p style=\"margin-bottom: 0cm; text-align: justify; line-height: normal; mso-layout-grid-align: none; text-autospace: none;\"><span style=\"color: #990000;\"><b><span style=\"font-size: 9pt; font-family: Arial, sans-serif;\">PRESENTACI\u00d3N<\/span><\/b><\/span><b><span style=\"font-size: 9.0pt; font-family: 'Arial',sans-serif; mso-fareast-font-family: Arial;\"><span style=\"color: #990000;\">:<\/span> <\/span><\/b><span style=\"font-size: 9.0pt; font-family: 'Arial',sans-serif; mso-fareast-font-family: Arial;\">El hotel se reserva el derecho de no aceptar a los clientes que muestren comportamientos ruidosos o inapropiados, as\u00ed como aquellos cuyo comportamiento sea contrario a la moralidad y al orden p\u00fablico. Se requiere un documento de identidad para verificar su identidad.<\/span><\/p><p style=\"margin-bottom: 0cm; text-align: justify; line-height: normal; mso-layout-grid-align: none; text-autospace: none;\"><span style=\"font-size: 9.0pt; font-family: 'Arial',sans-serif; mso-fareast-font-family: Arial;\">\u00a0<\/span><\/p><p style=\"margin-bottom: 0cm; text-align: justify; line-height: normal; mso-layout-grid-align: none; text-autospace: none;\"><span style=\"font-size: 9.0pt; font-family: 'Arial',sans-serif;\"><strong><span style=\"color: #990000;\">RECEPCI\u00d3N:<\/span> <\/strong>La recepci\u00f3n declina toda responsabilidad por su equipaje o art\u00edculos dejados en \u00e1reas p\u00fablicas.<\/span><\/p><p style=\"margin-bottom: 0cm; text-align: justify; line-height: normal; mso-layout-grid-align: none; text-autospace: none;\"><span style=\"font-size: 9.0pt; font-family: 'Arial',sans-serif;\">\u00a0<\/span><\/p><p style=\"margin-bottom: 0cm; text-align: justify; line-height: normal; mso-layout-grid-align: none; text-autospace: none;\"><b><span style=\"font-size: 9.0pt; font-family: 'Arial',sans-serif; mso-fareast-font-family: Arial; color: #990000;\">PAGO<\/span><\/b><span style=\"color: #990000;\"><b><span style=\"font-size: 9.0pt; font-family: 'Arial',sans-serif; mso-fareast-font-family: Arial;\">: <\/span><\/b><\/span><span style=\"font-size: 9.0pt; font-family: 'Arial',sans-serif; mso-fareast-font-family: Arial;\">El saldo de la estancia se abona a la llegada. <strong>Aceptamos: cheques de empresa o cheques de vacaciones, las siguientes tarjetas de cr\u00e9dito: Visa, Eurocard, MasterCard, American Express y efectivo<\/strong>. Pedimos que cualquier persona que se aloje en nuestro establecimiento presente un documento de identidad a su llegada. En caso de que no pueda proporcionar este documento, nos ver\u00edamos obligados a denegar su solicitud de alquiler de habitaci\u00f3n.<\/span><\/p><p style=\"margin-bottom: 0cm; text-align: justify; line-height: normal; mso-layout-grid-align: none; text-autospace: none;\"><span style=\"font-size: 9.0pt; font-family: 'Arial',sans-serif; mso-fareast-font-family: Arial;\">\u00a0<\/span><\/p><p style=\"margin-bottom: 0cm; text-align: justify; line-height: normal; mso-layout-grid-align: none; text-autospace: none;\"><strong><span style=\"font-size: 9.0pt; font-family: 'Arial',sans-serif; mso-fareast-font-family: Arial;\">Se requiere un dep\u00f3sito de 150 \u20ac (a depositar mediante tarjeta de cr\u00e9dito o en efectivo) por estancia a la llegada del cliente, el cual se retiene autom\u00e1ticamente en caso de incumplimiento del reglamento interno del hotel.<\/span><\/strong><\/p><p style=\"margin-bottom: 0cm; text-align: justify; line-height: normal; mso-layout-grid-align: none; text-autospace: none;\"><span style=\"font-family: Arial, sans-serif; font-size: 9pt;\">\u00a0<\/span><\/p><p style=\"margin-bottom: 0cm; text-align: justify; line-height: normal; mso-layout-grid-align: none; text-autospace: none;\"><b><span style=\"font-size: 9.0pt; font-family: 'Arial',sans-serif; mso-fareast-font-family: Arial; color: #990000;\">EN CASO DE INTERRUPCI\u00d3N DE LA ESTANCIA<\/span><\/b><span style=\"font-size: 9.0pt; font-family: 'Arial',sans-serif; mso-fareast-font-family: Arial;\">, <strong>no se realizar\u00e1 ning\u00fan reembolso<\/strong>. Del mismo modo, en caso de salida anticipada, se adeuda el importe total de la estancia. <strong>Las salidas anticipadas no pueden ser reembolsadas bajo ninguna circunstancia.<\/strong><\/span><\/p><p style=\"margin-bottom: 0cm; text-align: justify; line-height: normal; mso-layout-grid-align: none; text-autospace: none;\"><span style=\"font-size: 9.0pt; font-family: 'Arial',sans-serif;\">\u00a0<\/span><b><span style=\"font-size: 9.0pt; font-family: 'Arial',sans-serif; color: #990000;\">\u00a0<\/span><\/b><\/p><p style=\"margin-bottom: 0cm; text-align: justify; line-height: normal; mso-layout-grid-align: none; text-autospace: none;\"><b><span style=\"font-size: 9.0pt; font-family: 'Arial',sans-serif; mso-fareast-font-family: Arial; color: #990000;\">LA NO PRESENTACI\u00d3N\u00a0 <\/span><\/b><span style=\"font-size: 9.0pt; font-family: 'Arial',sans-serif; mso-fareast-font-family: Arial;\">se considera la toma efectiva de la habitaci\u00f3n. <\/span><\/p><p style=\"margin-bottom: 0cm; text-align: justify; line-height: normal; mso-layout-grid-align: none; text-autospace: none;\"><span style=\"font-size: 9.0pt; font-family: 'Arial',sans-serif; mso-fareast-font-family: Arial;\">\u00a0<\/span><\/p><p style=\"margin-bottom: 0cm; text-align: justify; line-height: normal; mso-layout-grid-align: none; text-autospace: none;\"><span style=\"color: #990000;\"><strong><span style=\"font-size: 9.0pt; font-family: 'Arial',sans-serif; mso-fareast-font-family: Arial;\">CANCELACI\u00d3N:<\/span><\/strong><\/span><\/p><p style=\"margin-bottom: 0cm; text-align: justify; line-height: normal; mso-layout-grid-align: none; text-autospace: none;\"><span style=\"color: #990000;\"><strong><span style=\"font-size: 9.0pt; font-family: 'Arial',sans-serif; mso-fareast-font-family: Arial;\">\u00a0<\/span><\/strong><\/span><\/p><ul><li style=\"text-align: justify; line-height: normal;\"><span style=\"font-size: 9.0pt; font-family: 'Arial',sans-serif; mso-fareast-font-family: Arial;\"><strong>Para reservas individuales<\/strong>, cualquier cancelaci\u00f3n debe llegar a nosotros 48 horas antes de la fecha de llegada para estancias individuales (excluyendo condiciones especiales establecidas por nuestros socios). Pasado este per\u00edodo, la reserva es debida. La no presentaci\u00f3n se considera como la ocupaci\u00f3n efectiva de la habitaci\u00f3n. <\/span><\/li><li style=\"text-align: justify; line-height: normal;\"><span style=\"font-size: 9.0pt; font-family: 'Arial',sans-serif; mso-fareast-font-family: Arial;\"><strong>Para reservas de grupos<\/strong>, un dep\u00f3sito del 50% ya no es reembolsable dos meses antes del inicio de la estancia, y el saldo ya no es reembolsable un mes antes del inicio de la estancia.<\/span><\/li><\/ul><div style=\"text-align: justify;\"><span style=\"font-family: Arial, sans-serif;\"><span style=\"font-size: 12px;\">\u00a0<\/span><\/span><\/div><p><strong><span style=\"font-size: 9.0pt; font-family: 'Arial',sans-serif; mso-fareast-font-family: Arial;\">El per\u00edodo de retractaci\u00f3n de 14 d\u00edas regido por el C\u00f3digo de Consumo no se aplica a los servicios de alojamiento hotelero. Art\u00edculo L.221-28 del C\u00f3digo de Consumo.<\/span><\/strong><\/p><p><span style=\"font-size: 9.0pt; font-family: 'Arial',sans-serif; mso-fareast-font-family: Arial;\"><span style=\"color: #990000;\"><strong>TELEMARKETING:<\/strong> <\/span>De acuerdo con las disposiciones del<strong> art\u00edculo L223-2 del C\u00f3digo de Consumo,<\/strong> se informa al consumidor que tiene la posibilidad de inscribirse de forma gratuita en una lista de oposici\u00f3n al telemarketing si no desea ser objeto de prospecci\u00f3n comercial por tel\u00e9fono. Esta lista es accesible a trav\u00e9s del siguiente sitio web: <a href=\"http:\/\/www.bloctel.gouv.fr\" target=\"_blank\" rel=\"noopener\">www.bloctel.gouv.fr<\/a>.<\/span><\/p><p><b style=\"text-align: var(--text-align); font-size: 1rem;\"><span style=\"font-size: 9.0pt; font-family: 'Arial',sans-serif; mso-fareast-font-family: Arial; color: #990000;\">TASA TUR\u00cdSTICA:\u00a0\u00a0 <\/span><\/b><span style=\"text-align: var(--text-align); font-size: 9pt; font-family: Arial, sans-serif;\">no incluida en el precio de la reserva, est\u00e1 en vigor en el municipio.<strong> Se paga en el hotel. <\/strong><\/span><\/p><p><span style=\"text-align: var(--text-align); font-size: 9pt; font-family: Arial, sans-serif;\"><strong><span style=\"color: #990000;\">ACCESO A LAS HABITACIONES: <\/span><\/strong>Las habitaciones <strong>est\u00e1n disponibles A PARTIR de las 14:00 horas y deben desalojarse antes de las 12:00 horas<\/strong>. Tenga en cuenta que en caso de salida tard\u00eda, se cobrar\u00e1 el tiempo extra a 20 \u20ac por hora. Si desea mantener la habitaci\u00f3n por una noche adicional, el pago de la habitaci\u00f3n debe realizarse antes de las 11:00 horas, sujeto a disponibilidad. Adem\u00e1s, su habitaci\u00f3n est\u00e1 prevista para un n\u00famero determinado de personas; para garantizar las normas de seguridad del hotel, no debe alojar personas adicionales bajo ninguna circunstancia. Por favor, aseg\u00farese de que la puerta de su habitaci\u00f3n est\u00e9 correctamente cerrada antes de salir de la habitaci\u00f3n o acostarse. <\/span><\/p><p><span style=\"text-align: var(--text-align); font-size: 9pt; font-family: Arial, sans-serif;\"><strong><span style=\"color: #990000;\">PROHIBICIONES: <\/span><\/strong><span style=\"color: #333333;\"><strong>Le recordamos que est\u00e1 prohibido fumar en todos los lugares p\u00fablicos desde el 2 de enero de 2008<\/strong>. Tambi\u00e9n est\u00e1 estrictamente prohibido fumar en las habitaciones por razones obvias de seguridad y comodidad (el incumplimiento dar\u00e1 lugar a una indemnizaci\u00f3n de 150 \u20ac\/estancia para restaurar la habitaci\u00f3n a su estado original). Est\u00e1 prohibido utilizar aparatos a gas en las habitaciones, por ejemplo: Cocina, etc&#8230; <\/span><\/span><\/p><p><span style=\"text-align: var(--text-align); font-size: 9pt; font-family: Arial, sans-serif;\"><span style=\"color: #333333;\"><strong><span style=\"color: #990000;\">MASCOTAS: <\/span><\/strong><span style=\"color: #990000;\"><span style=\"color: #333333;\">Se admiten mascotas pero est\u00e1n sujetas a condiciones: pesar menos de 10 kg, estar sujetas con correa en todas las \u00e1reas comunes de nuestro establecimiento. <strong>Por razones de higiene, no se permiten mascotas en la sala de desayunos y no deben dejarse solas en la habitaci\u00f3n. <\/strong><\/span><\/span><\/span><\/span><\/p><p><span style=\"text-align: var(--text-align); font-size: 9pt; font-family: Arial, sans-serif;\"><span style=\"color: #333333;\"><span style=\"color: #990000;\"><span style=\"color: #333333;\"><span style=\"color: #990000;\"><strong>DESAYUNO: <\/strong><\/span>se sirve de 6:30 a 10:00 todos los d\u00edas de la semana en la sala designada. <\/span><\/span><\/span><\/span><\/p><p><span style=\"text-align: var(--text-align); font-size: 9pt; font-family: Arial, sans-serif;\"><span style=\"color: #333333;\"><span style=\"color: #990000;\"><span style=\"color: #333333;\"><span style=\"color: #990000;\"><strong>DA\u00d1OS:<\/strong><\/span> Le pedimos que respete los lugares y la decoraci\u00f3n de su habitaci\u00f3n. En caso de problema o da\u00f1o al mobiliario de la habitaci\u00f3n, el cliente ser\u00e1 responsable. Del mismo modo, tenga en cuenta que cualquier art\u00edculo faltante (toallas, almohadas, etc&#8230;) o da\u00f1ado despu\u00e9s de su estancia en la habitaci\u00f3n se le cobrar\u00e1 autom\u00e1ticamente. <strong>Durante su estancia, se le entregar\u00e1 una llave para acceder libremente a su habitaci\u00f3n. En caso de p\u00e9rdida, la reposici\u00f3n se le cobrar\u00e1 al precio vigente. <\/strong><\/span><\/span><\/span><\/span><\/p><p><span style=\"text-align: var(--text-align); font-size: 9pt; font-family: Arial, sans-serif;\"><span style=\"color: #333333;\"><span style=\"color: #990000;\"><span style=\"color: #333333;\"><strong><span style=\"color: #990000;\">MOLESTIAS:<\/span> <\/strong>Para respetar el descanso de otros clientes, evite hacer demasiado ruido especialmente entre las 22:00 y las 8:00. <strong>Cualquier ruido vecinal relacionado con el comportamiento de una persona o un animal bajo su responsabilidad puede llevar al hotelero a pedir al cliente que abandone el establecimiento sin necesidad de medidas ac\u00fasticas, siempre y cuando el ruido generado pueda perturbar la tranquilidad de la clientela (art. R.1334-30 y R;1334-31 del C\u00f3digo de Salud P\u00fablica)<\/strong>. Una habitaci\u00f3n de hotel es un lugar de descanso. Todo comercio est\u00e1 estrictamente prohibido. <\/span><\/span><\/span><\/span><\/p><p><span style=\"text-align: var(--text-align); font-size: 9pt; font-family: Arial, sans-serif;\"><span style=\"color: #333333;\"><span style=\"color: #990000;\"><span style=\"color: #333333;\"><strong><span style=\"color: #990000;\">REGLAMENTO INTERNO:<\/span><\/strong> del hotel se aplica a todas las reservas. <strong>Cualquier estancia implica la aceptaci\u00f3n de las condiciones particulares y el reglamento interno del hotel. <\/strong><\/span><\/span><\/span><\/span><\/p><p><span style=\"text-align: var(--text-align); font-size: 9pt; font-family: Arial, sans-serif; color: #990000;\"><strong>EN CASO DE INCUMPLIMIENTO POR PARTE DEL CLIENTE DE ALGUNA DE ESTAS DISPOSICIONES, EL HOTELERO ESTAR\u00c1 OBLIGADO A PEDIR AL CLIENTE QUE ABANDONE EL ESTABLECIMIENTO, SIN NINGUNA INDEMNIZACI\u00d3N. <\/strong><\/span><\/p><p><span style=\"text-align: var(--text-align); font-size: 9pt; font-family: Arial, sans-serif; color: #990000;\"><strong>RESOLUCI\u00d3N DE DISPUTAS: <\/strong><span style=\"color: #333333;\">Para cualquier reclamaci\u00f3n relacionada con una reserva de hotel, la Direcci\u00f3n del hotel est\u00e1 a su disposici\u00f3n a trav\u00e9s de la secci\u00f3n \u00ab\u00a0Cont\u00e1ctenos\u00a0\u00bb del sitio<strong> web del hotel<\/strong>: <a href=\"https:\/\/paris-hotel-clichy.com\/index.php\/es\/home-es\/\" target=\"_blank\" rel=\"noopener\">https:\/\/paris-hotel-clichy.com<\/a> o <strong>por correo<\/strong>: 3 rue Henri Poincar\u00e9, 92110 Clichy-la-garenne. <\/span><\/span><\/p><p><span style=\"text-align: var(--text-align); font-size: 9pt; font-family: Arial, sans-serif; color: #990000;\"><span style=\"color: #333333;\">Adem\u00e1s, se informa al consumidor que puede presentar su reclamaci\u00f3n a trav\u00e9s de la plataforma europea de resoluci\u00f3n de litigios, accesible a trav\u00e9s del siguiente sitio web: <\/span><\/span><\/p><p><a href=\"https:\/\/ec.europa.eu\/consumers\/odr\/main\/index.cfm?event=main.home2.show&amp;lng=ES\" target=\"_blank\" rel=\"noopener\"><span style=\"font-family: Arial, sans-serif; font-size: 9pt; text-align: var(--text-align);\">https:\/\/ec.europa.eu\/consumers\/odr\/main\/index.cfm?event=main.home2.show&amp;lng=ES<\/span><\/a><\/p><p><span style=\"text-align: var(--text-align); font-size: 9pt; font-family: Arial, sans-serif; color: #990000;\"><span style=\"color: #333333;\">En caso de una disputa no resuelta dentro de un plazo de 30 d\u00edas siguientes a la reclamaci\u00f3n, el cliente puede recurrir al Mediador de Turismo y Viajes cuyos datos de contacto son los siguientes: <\/span><\/span><\/p><p><span style=\"text-align: var(--text-align); font-size: 9pt; font-family: Arial, sans-serif; color: #990000;\"><span style=\"color: #333333;\"><strong>Direcci\u00f3n postal:<\/strong> Mediaci\u00f3n Turismo y Viajes BP 80 303 75 823 Par\u00eds Cedex 17 <\/span><\/span><\/p><p><span style=\"text-align: var(--text-align); font-size: 9pt; font-family: Arial, sans-serif; color: #990000;\"><span style=\"color: #333333;\"><strong>Sitio web:<\/strong> <a href=\"http:\/\/www.mtv.travel\" target=\"_blank\" rel=\"noopener\">www.mtv.travel<\/a><\/span><\/span><\/p><p style=\"margin-bottom: 0cm; text-align: justify; line-height: normal; mso-layout-grid-align: none; text-autospace: none;\">\u00a0<\/p>\t\t\t\t\t\t<\/div>\n\t\t\t\t<\/div>\n\t\t\t\t\t<\/div>\n\t\t\t\t<\/div>\n\t\t\t\t\t\t\t<\/div>\n\t\t","protected":false},"excerpt":{"rendered":"<p>condiciones generales de venta PRESENTACI\u00d3N: El hotel se reserva el derecho de no aceptar a los clientes que muestren comportamientos ruidosos o inapropiados, as\u00ed como aquellos cuyo comportamiento sea contrario a la moralidad y al orden p\u00fablico. Se requiere un documento de identidad para verificar su identidad. \u00a0 RECEPCI\u00d3N: La recepci\u00f3n declina toda responsabilidad por [&hellip;]<\/p>\n","protected":false},"author":1,"featured_media":0,"parent":0,"menu_order":0,"comment_status":"closed","ping_status":"closed","template":"elementor_header_footer","meta":{"footnotes":""},"class_list":["post-1227","page","type-page","status-publish","hentry"],"_links":{"self":[{"href":"https:\/\/paris-hotel-clichy.com\/index.php\/wp-json\/wp\/v2\/pages\/1227","targetHints":{"allow":["GET"]}}],"collection":[{"href":"https:\/\/paris-hotel-clichy.com\/index.php\/wp-json\/wp\/v2\/pages"}],"about":[{"href":"https:\/\/paris-hotel-clichy.com\/index.php\/wp-json\/wp\/v2\/types\/page"}],"author":[{"embeddable":true,"href":"https:\/\/paris-hotel-clichy.com\/index.php\/wp-json\/wp\/v2\/users\/1"}],"replies":[{"embeddable":true,"href":"https:\/\/paris-hotel-clichy.com\/index.php\/wp-json\/wp\/v2\/comments?post=1227"}],"version-history":[{"count":35,"href":"https:\/\/paris-hotel-clichy.com\/index.php\/wp-json\/wp\/v2\/pages\/1227\/revisions"}],"predecessor-version":[{"id":1628,"href":"https:\/\/paris-hotel-clichy.com\/index.php\/wp-json\/wp\/v2\/pages\/1227\/revisions\/1628"}],"wp:attachment":[{"href":"https:\/\/paris-hotel-clichy.com\/index.php\/wp-json\/wp\/v2\/media?parent=1227"}],"curies":[{"name":"wp","href":"https:\/\/api.w.org\/{rel}","templated":true}]}}